{"id":57,"date":"2014-05-18T14:00:15","date_gmt":"2014-05-18T14:00:15","guid":{"rendered":"http:\/\/www.pacientesatm.com\/?page_id=57"},"modified":"2019-10-13T10:04:08","modified_gmt":"2019-10-13T10:04:08","slug":"como-ser-socio","status":"publish","type":"page","link":"https:\/\/www.pacientesatm.com\/?page_id=57","title":{"rendered":"C\u00f3mo ser amigo"},"content":{"rendered":"\n<h2>Para hacerse amigo de nuestra entidad tendr\u00e1 que haber cumplido todo el protocolo cient\u00edfico previamente. Una vez finalizada esta fase, a su voluntad y petici\u00f3n, le enviaremos el bolet\u00edn de inscripci\u00f3n de nuestra entidad.<\/h2>\n<h2>Proceso de atenci\u00f3n al paciente<\/h2>\n<p>Debido a la cantidad de preguntas y peticiones nacionales e internacionales que recibimos, el equipo de voluntarios de nuestra entidad precisa que los pacientes sigan los siguientes pasos:<\/p>\n<h2>1. Facil\u00edtenos sus datos personales y un resumen de su historia cl\u00ednica. Nuestro equipo de cl\u00ednicos y sanitarios cumplen el RGPD<\/h2>\n<ul>\n<li>Nombre y apellidos<\/li>\n<li>Edad<\/li>\n<li>Tel\u00e9fono y contacto<\/li>\n<li>\u00bfPor qu\u00e9 necesita nuestra ayuda?<\/li>\n<\/ul>\n<p>Para saber si nuestro equipo de voluntarios y m\u00e9dicos colaboradores pueden ayudarle necesitamos que nos env\u00ede un correo electr\u00f3nico a la direcci\u00f3n\u00a0<a href=\"mailto:aepa&#64;pacientesatm.com\">aepa&#64;pacientesatm.com<\/a>\u00a0en el que explique el origen de su patolog\u00eda, adjunte los informes con los que cuente y que usted libremente quiera aportarnos y cuantos datos considere importantes para la evaluaci\u00f3n de su caso.<\/p>\n<p>Si quiere, puede indicarnos en su email si dispone de un seguro privado de salud por si pudi\u00e9ramos derivarle a alg\u00fan cl\u00ednico colaborador de la asociaci\u00f3n que trabaje en su propio seguro.<\/p>\n<p>Dicha informaci\u00f3n debe ser enviada\u00a0<strong>en baja resoluci\u00f3n<\/strong>\u00a0(no m\u00e1s de 2MB).<\/p>\n<p><span style=\"text-decoration: underline;\">\u00a1Ll\u00e1menos por tel\u00e9fono para confirmar que hemos recibido su correo!<\/span><\/p>\n<h2>2. Evaluaci\u00f3n de su caso<\/h2>\n<p>Desde el Departamento de Atenci\u00f3n al Paciente evaluaremos con los doctores colaboradores las posibilidades de mejora y nos pondremos en contacto con usted.<\/p>\n<p><strong>Nota importante<\/strong><\/p>\n<p>De acuerdo a los Estatutos de la Asociaci\u00f3n, se considera amigo de nuestra entidad a toda persona que ha abonado todas las cuotas anuales desde el primer a\u00f1o que se inscribi\u00f3 como socio o amigo hasta la actualidad. As\u00ed, una persona que dej\u00f3 de pagar al menos una de las cuotas de a\u00f1os anteriores, no se considera amigo de AEPA ATM. En este caso, para volver a disfrutar de los beneficios de los asociados, deber\u00e1 de abonar de nuevo la cuota de inscripci\u00f3n como amig@ de nuestra entidad y siempre con caracter voluntari@.<\/p>\n<p><span style=\"color: #800000;\"><strong>Normas en beneficio de los pacientes SOCIOS o AMIGOS de AEPA ATM<\/strong><\/span><\/p>\n<ol>\n<li>AEPA ATM est\u00e1 fundada por sanitarios\u00a0y especialistas cl\u00ednicos que en alg\u00fan momento de su vida sufrieron las patolog\u00edas objeto de nuestra entidad. Su \u00fanico objetivo es \u201cayudar\u201d a las personas que sufren estas patolog\u00edas objeto.<\/li>\n<li>AEPA ATM no tiene ning\u00fan acuerdo econ\u00f3mico con ning\u00fan especialista ni con ning\u00fan hospital con los que hemos firmado una ventaja en precio para los socios o amigos de nuestra entidad. AEPA ATM, ni ninguna otra persona f\u00edsica o jur\u00eddica \u00f3 doctor, especialista o profesional, ni terceras entidades recibe-n ning\u00fan trato de favor por estos acuerdos o cantidades econ\u00f3micas o de cualquier otra naturaleza o especie.<\/li>\n<li>El Comit\u00e9 Cient\u00edfico de AEPA ATM ofrece a los pacientes miembros amigos una segunda opini\u00f3n sobre su caso cl\u00ednico con el objetivo de mejorar su calidad de vida. Nuestros cl\u00ednicos y sanitarios pueden colaborar con los m\u00e9dicos especialistas de nuestros pacientes.<\/li>\n<li>La Asociaci\u00f3n no puede intervenir en los honorarios de los profesionales que quieren ayudar a nuestros pacientes. Negociamos con ellos que ofrezcan honorarios reducidos a los amig@s que est\u00e9n acreditados previamente bajo supervisi\u00f3n y comprobaci\u00f3n por escrito de nuestra Junta Directiva donde todos los miembros son voluntari@s.<\/li>\n<\/ol>\n<p><!-------------------------BENEFICIOS PARA LOS SOCIOS ---------------------------------><span style=\"color: #800000;\"><strong>Beneficios para los amigos:<\/strong><\/span><\/p>\n<p>1.- El paciente amigo es aquel que ha pagado la cuota del a\u00f1o en curso y la de todos los a\u00f1os anteriores desde que se inscribi\u00f3. Los beneficios s\u00f3lo podr\u00e1n disfrutarlos los pacientes amigos que cumplan la condici\u00f3n anterior.<\/p>\n<p>2.- AEPA ATM facilitar\u00e1 <strong>informaci\u00f3n sobre las patolog\u00edas<\/strong> objeto de la Asociaci\u00f3n a los pacientes amigos que lo soliciten. La mayor\u00eda de los estudios y ensayos al respecto est\u00e1n escritos en ingles.<\/p>\n<p>3.- Una vez que un caso es aceptado por parte del Comit\u00e9 Cient\u00edfico de AEPA ATM, se asignar\u00e1 un<span style=\"color: #800000;\"> <strong>m\u00e9dico tutor<\/strong> <\/span>que guiar\u00e1 al paciente y har\u00e1 todo lo que est\u00e9 en su mano para lograr un diagn\u00f3stico correcto. Y, una vez que el diagn\u00f3stico sea el correcto, informar\u00e1 al paciente sobre las mejores opciones de tratamiento para cada caso siendo las opciones reversibles las primeras opciones recomendadas y protegiendo siempre la salud y seguridad del paciente. Los miembros del Comit\u00e9 Cient\u00edfico de AEPA ATM apuestan por los tratamientos menos invasivos como primeras opciones.<\/p>\n<p>4.- Hemos cerrado un acuerdo con diferentes<span style=\"color: #800000;\"><strong> c\u00e1maras hiperb\u00e1ricas<\/strong><\/span> para que los pacientes socios o amigos de nuestra entidad accedan a tarifas reducidas. Las c\u00e1maras hiperb\u00e1ricas elegidas cuentan con las m\u00e1ximas garant\u00edas de salud y seguridad y est\u00e1n reguladas y supervisadas por los Organismos competentes de cada Administraci\u00f3n. Y sus directivos m\u00e9dicos tienen que recibir una confirmaci\u00f3n por parte de nuestra Junta Directiva y cl\u00ednicos por escrito y verbalmente. Para m\u00e1s informaci\u00f3n, cons\u00faltanos.<\/p>\n<p>5.- El equipo de AEPA ATM se compromete a facilitar los nombres de los<strong> especialistas<\/strong> con m\u00e1s experiencia en el estudio vascular de ciertas lesiones que podr\u00edan provocar dolor. Algunos de estos especialistas recomendados por AEPA ATM trabajan con los principales seguros m\u00e9dicos privados, como\u00a0 Adeslas, Mapfre, DKV y otros seguros.<\/p>\n<p>6.- En las ocasiones en las que los pacientes requieran consultar su caso con un <strong>especialista extranjero<\/strong>, el equipo de traducci\u00f3n cl\u00ednica internacional de AEPA ATM ofrecer\u00e1 esta opci\u00f3n a un precio econ\u00f3mico. Al tratarse de traducciones cl\u00ednicas, el precio se determinar\u00e1 de forma individual dependiendo de la complejidad de cada caso. AEPA ATM ejercer\u00e1 de nexo entre el profesional m\u00e9dico que ejerce fuera de Espa\u00f1a al que se realizar\u00e1 la consulta, los cl\u00ednicos y los pacientes siempre cumpliendo el RGPD \u00f3 GDPR.<\/p>\n<p>7.- Los pacientes amigos tienen derecho a acceder a la mejor informaci\u00f3n sobre expertos de diferentes patolog\u00edas aunque estos especialistas sean de otras especialidades sanitarias no vinculadas a las enfermedades objeto de AEPA ATM.<\/p>\n<p>8.- Los pacientes amigos tendr\u00e1n <span style=\"color: #800000;\"><strong>acceso a los mejores peritos<\/strong><\/span> en cada una de sus patolog\u00edas. Entendiendo por mejor perito aquel que ha ganado un mayor n\u00famero de juicios dentro de su especialidad y tiene experiencia cl\u00ednica y jur\u00eddica en las patolog\u00edas objeto.<\/p>\n<p>9.- Los pacientes amigos tienen derecho a un descuento sobre las tarifas oficiales en el caso de los peritajes que se realicen por parte de los peritos recomendados por AEPA ATM, expertos en cada \u00e1rea sanitaria (Maxilofacial, Neurolog\u00eda y otras especialidades con estudios de su trayector\u00eda profesional desde hace m\u00e1s de 13 a\u00f1os y sus resultados).<\/p>\n<p>10.- En el caso de que el paciente amigo necesite un<strong> informe global<\/strong> (resumen de todos los informes cl\u00ednicos) para procesos legales laborales o civiles, este podr\u00e1 acceder a un cl\u00ednico especialista a precio inferior a las tarifas oficiales de colegios.<\/p>\n<p>11.- Los amigos de AEPA ATM que necesiten tramitar una incapacidad m\u00e9dica por su situaci\u00f3n cl\u00ednica, pueden acceder a tres expertos legales diferentes con 20 a\u00f1os de experiencia. La primera consulta de evaluaci\u00f3n ser\u00e1 completamente gratuita para el paciente amigo. Se realizar\u00e1 una valoraci\u00f3n global de su caso antes de iniciar cualquier <span style=\"color: #800000;\"><strong>acci\u00f3n legal<\/strong><\/span>: incapacidad laboral, procesos civiles de familia o cualquier otro proceso que pudiera necesitar el paciente socio o amigo. Las siguientes consultas tendr\u00e1n un descuento sobre las tarifas oficiales. Todas estas acciones se realizan para favorecer y ayudar a los pacientes socios afectados por enfermedades objeto de nuestra entidad.<\/p>\n<p>12.- En AEPA ATM somos conscientes de que algunas familias necesitan <strong>servicios personalizados de ayuda a domicilio<\/strong> para labores dom\u00e9sticas y otras tareas. AEPA ATM puede incluir este Servicio de ayuda a precios de b\u00fasqueda m\u00e1s reducido.<\/p>\n<p>13.- Acceso a Programas de Educaci\u00f3n Sanitaria individualizados\u00a0y Coaching en condiciones especiales para pacientes que lo requieran.<\/p>\n<p>14.- Acceso a tarifas reducidas en la contrataci\u00f3n de Seguros de Decesos y Personalizaci\u00f3n de estos servicios para todos los amigos incluso en amigos mayores de 70 a\u00f1os siempre que nos consulten y con entidades que se han negociado precios por debajo del 50% de las oficiales.<\/p>\n<p>15.- Informaci\u00f3n sobre Residencias para socios y amigos que necesiten estancias cortas o largas y accesos m\u00e1s r\u00e1pidos con disponibilidad<\/p>\n<p><!----------------------- BENEFICIOS PARA LOS SOCIOS -----------------------------------><\/p>\n<h2>Categor\u00edas de entidades amigas:<\/h2>\n<p>Dentro de la Asociaci\u00f3n existen las siguientes categor\u00edas:<\/p>\n<p><strong>a)\u00a0 Fundadores:<\/strong> Aquellos que han participado en el acto de Constituci\u00f3n de la Asociaci\u00f3n.<\/p>\n<p><strong>b)\u00a0Amigos de la Asociaci\u00f3n:<\/strong> Ser\u00e1n aquellos que ingresen despu\u00e9s de la constituci\u00f3n de la Asociaci\u00f3n.<\/p>\n<p><strong>c)\u00a0Socios de Honor:<\/strong> Aquellos que por su prestigio o por haber contribuido de forma relevante a la dignificaci\u00f3n y desarrollo de la Asociaci\u00f3n se hagan acreedores de tal distinci\u00f3n.<\/p>\n<p><strong>d)\u00a0Empresas Colaboradoras de Honor:<\/strong> Existe la opci\u00f3n de que algunos de los socios sean empresas que apoyen de alguna forma al desarrollo de la Asociaci\u00f3n y defiendan los intereses de los pacientes amigos<\/p>\n<p><strong>e) Amigos Juveniles:<\/strong> Los menores de edad siempre representados por sus tutores legales.<\/p>\n","protected":false},"excerpt":{"rendered":"<p>Para hacerse amigo de nuestra entidad tendr\u00e1 que haber cumplido todo el protocolo cient\u00edfico previamente. Una vez finalizada esta fase, a su voluntad y petici\u00f3n, le enviaremos el bolet\u00edn de inscripci\u00f3n de nuestra entidad. Proceso de atenci\u00f3n al paciente Debido<span class=\"ellipsis\">&hellip;<\/span><\/p>\n<div class=\"read-more\"><a href=\"https:\/\/www.pacientesatm.com\/?page_id=57\">Leer m\u00e1s \u203a<\/a><\/div>\n<p><!-- end of .read-more --><\/p>\n","protected":false},"author":3,"featured_media":0,"parent":0,"menu_order":0,"comment_status":"closed","ping_status":"closed","template":"","meta":{"footnotes":""},"class_list":["post-57","page","type-page","status-publish","hentry"],"yoast_head":"<!-- This site is optimized with the Yoast SEO plugin v21.1 - https:\/\/yoast.com\/wordpress\/plugins\/seo\/ -->\n<title>C\u00f3mo ser amigo - Asociaci\u00f3n Espa\u00f1ola de Pacientes con Dolor Neurop\u00e1tico<\/title>\n<meta name=\"description\" content=\"Asociaci\u00f3n Espa\u00f1ola de Pacientes con Dolor. Nuestros cl\u00ednicos y sanitarios ayudan a las personas que sufren dolor cr\u00f3nico. Desde el 2006, nuestro equipo est\u00e1 colaborando con todos los pacientes que sufren dolor\" \/>\n<meta name=\"robots\" content=\"index, follow, max-snippet:-1, max-image-preview:large, max-video-preview:-1\" \/>\n<link rel=\"canonical\" href=\"https:\/\/www.pacientesatm.com\/?page_id=57\" \/>\n<meta property=\"og:locale\" content=\"es_ES\" \/>\n<meta property=\"og:type\" content=\"article\" \/>\n<meta property=\"og:title\" content=\"C\u00f3mo ser amigo - Asociaci\u00f3n Espa\u00f1ola de Pacientes con Dolor Neurop\u00e1tico\" \/>\n<meta property=\"og:description\" content=\"Asociaci\u00f3n Espa\u00f1ola de Pacientes con Dolor. Nuestros cl\u00ednicos y sanitarios ayudan a las personas que sufren dolor cr\u00f3nico. Desde el 2006, nuestro equipo est\u00e1 colaborando con todos los pacientes que sufren dolor\" \/>\n<meta property=\"og:url\" content=\"https:\/\/www.pacientesatm.com\/?page_id=57\" \/>\n<meta property=\"og:site_name\" content=\"Asociaci\u00f3n Espa\u00f1ola de Pacientes con Dolor Neurop\u00e1tico\" \/>\n<meta property=\"article:publisher\" content=\"https:\/\/www.facebook.com\/dolorneuropatico\" \/>\n<meta property=\"article:modified_time\" content=\"2019-10-13T10:04:08+00:00\" \/>\n<meta property=\"og:image\" content=\"https:\/\/www.pacientesatm.com\/wp-content\/uploads\/2022\/10\/Logo_alianzadolor2022_fondotransparente.png\" \/>\n\t<meta property=\"og:image:width\" content=\"709\" \/>\n\t<meta property=\"og:image:height\" content=\"709\" \/>\n\t<meta property=\"og:image:type\" content=\"image\/png\" \/>\n<meta name=\"twitter:card\" content=\"summary_large_image\" \/>\n<meta name=\"twitter:site\" content=\"@AlianzaDolor\" \/>\n<meta name=\"twitter:label1\" content=\"Tiempo de lectura\" \/>\n\t<meta name=\"twitter:data1\" content=\"8 minutos\" \/>\n<script type=\"application\/ld+json\" class=\"yoast-schema-graph\">{\"@context\":\"https:\/\/schema.org\",\"@graph\":[{\"@type\":\"NewsArticle\",\"@id\":\"https:\/\/www.pacientesatm.com\/?page_id=57#article\",\"isPartOf\":{\"@id\":\"https:\/\/www.pacientesatm.com\/?page_id=57\"},\"author\":{\"name\":\"Ignacio del Rio\",\"@id\":\"https:\/\/www.pacientesatm.com\/#\/schema\/person\/b2abb3172d8c79abb77ae65f95c64582\"},\"headline\":\"C\u00f3mo ser amigo\",\"datePublished\":\"2014-05-18T14:00:15+00:00\",\"dateModified\":\"2019-10-13T10:04:08+00:00\",\"mainEntityOfPage\":{\"@id\":\"https:\/\/www.pacientesatm.com\/?page_id=57\"},\"wordCount\":1566,\"publisher\":{\"@id\":\"https:\/\/www.pacientesatm.com\/#organization\"},\"inLanguage\":\"es\"},{\"@type\":[\"WebPage\",\"MedicalWebPage\"],\"@id\":\"https:\/\/www.pacientesatm.com\/?page_id=57\",\"url\":\"https:\/\/www.pacientesatm.com\/?page_id=57\",\"name\":\"C\u00f3mo ser amigo - Asociaci\u00f3n Espa\u00f1ola de Pacientes con Dolor Neurop\u00e1tico\",\"isPartOf\":{\"@id\":\"https:\/\/www.pacientesatm.com\/#website\"},\"datePublished\":\"2014-05-18T14:00:15+00:00\",\"dateModified\":\"2019-10-13T10:04:08+00:00\",\"description\":\"Asociaci\u00f3n Espa\u00f1ola de Pacientes con Dolor. Nuestros cl\u00ednicos y sanitarios ayudan a las personas que sufren dolor cr\u00f3nico. Desde el 2006, nuestro equipo est\u00e1 colaborando con todos los pacientes que sufren dolor\",\"breadcrumb\":{\"@id\":\"https:\/\/www.pacientesatm.com\/?page_id=57#breadcrumb\"},\"inLanguage\":\"es\",\"potentialAction\":[{\"@type\":\"ReadAction\",\"target\":[\"https:\/\/www.pacientesatm.com\/?page_id=57\"]}]},{\"@type\":\"BreadcrumbList\",\"@id\":\"https:\/\/www.pacientesatm.com\/?page_id=57#breadcrumb\",\"itemListElement\":[{\"@type\":\"ListItem\",\"position\":1,\"name\":\"Portada\",\"item\":\"https:\/\/www.pacientesatm.com\/\"},{\"@type\":\"ListItem\",\"position\":2,\"name\":\"C\u00f3mo ser amigo\"}]},{\"@type\":\"WebSite\",\"@id\":\"https:\/\/www.pacientesatm.com\/#website\",\"url\":\"https:\/\/www.pacientesatm.com\/\",\"name\":\"Asociaci\u00f3n Espa\u00f1ola de Pacientes con Dolor Trig\u00e9mino\",\"description\":\"Asociaci\u00f3n Espa\u00f1ola de Pacientes con Dolor Neuropatico, Dolor Cronico y Neuralgia del Trig\u00e9mino\",\"publisher\":{\"@id\":\"https:\/\/www.pacientesatm.com\/#organization\"},\"alternateName\":\"Alianza Contra el Dolor\",\"potentialAction\":[{\"@type\":\"SearchAction\",\"target\":{\"@type\":\"EntryPoint\",\"urlTemplate\":\"https:\/\/www.pacientesatm.com\/?s={search_term_string}\"},\"query-input\":\"required name=search_term_string\"}],\"inLanguage\":\"es\"},{\"@type\":\"Organization\",\"@id\":\"https:\/\/www.pacientesatm.com\/#organization\",\"name\":\"Alianza Contra el Dolor\",\"alternateName\":\"Alianza Contra el Dolor\",\"url\":\"https:\/\/www.pacientesatm.com\/\",\"logo\":{\"@type\":\"ImageObject\",\"inLanguage\":\"es\",\"@id\":\"https:\/\/www.pacientesatm.com\/#\/schema\/logo\/image\/\",\"url\":\"https:\/\/www.pacientesatm.com\/wp-content\/uploads\/2022\/10\/Logo_alianzadolor2022_fondotransparente.png\",\"contentUrl\":\"https:\/\/www.pacientesatm.com\/wp-content\/uploads\/2022\/10\/Logo_alianzadolor2022_fondotransparente.png\",\"width\":709,\"height\":709,\"caption\":\"Alianza Contra el Dolor\"},\"image\":{\"@id\":\"https:\/\/www.pacientesatm.com\/#\/schema\/logo\/image\/\"},\"sameAs\":[\"https:\/\/www.facebook.com\/dolorneuropatico\",\"https:\/\/twitter.com\/AlianzaDolor\",\"https:\/\/www.instagram.com\/alianzacontraeldolor\",\"https:\/\/www.youtube.com\/Alianzacontraeldolor\",\"https:\/\/www.linkedin.com\/company\/alianza-contra-el-dolor\/\"]},{\"@type\":\"Person\",\"@id\":\"https:\/\/www.pacientesatm.com\/#\/schema\/person\/b2abb3172d8c79abb77ae65f95c64582\",\"name\":\"Ignacio del Rio\",\"image\":{\"@type\":\"ImageObject\",\"inLanguage\":\"es\",\"@id\":\"https:\/\/www.pacientesatm.com\/#\/schema\/person\/image\/\",\"url\":\"https:\/\/secure.gravatar.com\/avatar\/63d1fa88871c7590b4875c08cc5a5de2663b014c4e5bda3333bb9fb69bb27b0a?s=96&d=mm&r=g\",\"contentUrl\":\"https:\/\/secure.gravatar.com\/avatar\/63d1fa88871c7590b4875c08cc5a5de2663b014c4e5bda3333bb9fb69bb27b0a?s=96&d=mm&r=g\",\"caption\":\"Ignacio del Rio\"},\"url\":\"https:\/\/www.pacientesatm.com\/?author=3\"}]}<\/script>\n<!-- \/ Yoast SEO plugin. -->","yoast_head_json":{"title":"C\u00f3mo ser amigo - Asociaci\u00f3n Espa\u00f1ola de Pacientes con Dolor Neurop\u00e1tico","description":"Asociaci\u00f3n Espa\u00f1ola de Pacientes con Dolor. Nuestros cl\u00ednicos y sanitarios ayudan a las personas que sufren dolor cr\u00f3nico. Desde el 2006, nuestro equipo est\u00e1 colaborando con todos los pacientes que sufren dolor","robots":{"index":"index","follow":"follow","max-snippet":"max-snippet:-1","max-image-preview":"max-image-preview:large","max-video-preview":"max-video-preview:-1"},"canonical":"https:\/\/www.pacientesatm.com\/?page_id=57","og_locale":"es_ES","og_type":"article","og_title":"C\u00f3mo ser amigo - Asociaci\u00f3n Espa\u00f1ola de Pacientes con Dolor Neurop\u00e1tico","og_description":"Asociaci\u00f3n Espa\u00f1ola de Pacientes con Dolor. Nuestros cl\u00ednicos y sanitarios ayudan a las personas que sufren dolor cr\u00f3nico. Desde el 2006, nuestro equipo est\u00e1 colaborando con todos los pacientes que sufren dolor","og_url":"https:\/\/www.pacientesatm.com\/?page_id=57","og_site_name":"Asociaci\u00f3n Espa\u00f1ola de Pacientes con Dolor Neurop\u00e1tico","article_publisher":"https:\/\/www.facebook.com\/dolorneuropatico","article_modified_time":"2019-10-13T10:04:08+00:00","og_image":[{"width":709,"height":709,"url":"https:\/\/www.pacientesatm.com\/wp-content\/uploads\/2022\/10\/Logo_alianzadolor2022_fondotransparente.png","type":"image\/png"}],"twitter_card":"summary_large_image","twitter_site":"@AlianzaDolor","twitter_misc":{"Tiempo de lectura":"8 minutos"},"schema":{"@context":"https:\/\/schema.org","@graph":[{"@type":"NewsArticle","@id":"https:\/\/www.pacientesatm.com\/?page_id=57#article","isPartOf":{"@id":"https:\/\/www.pacientesatm.com\/?page_id=57"},"author":{"name":"Ignacio del Rio","@id":"https:\/\/www.pacientesatm.com\/#\/schema\/person\/b2abb3172d8c79abb77ae65f95c64582"},"headline":"C\u00f3mo ser amigo","datePublished":"2014-05-18T14:00:15+00:00","dateModified":"2019-10-13T10:04:08+00:00","mainEntityOfPage":{"@id":"https:\/\/www.pacientesatm.com\/?page_id=57"},"wordCount":1566,"publisher":{"@id":"https:\/\/www.pacientesatm.com\/#organization"},"inLanguage":"es"},{"@type":["WebPage","MedicalWebPage"],"@id":"https:\/\/www.pacientesatm.com\/?page_id=57","url":"https:\/\/www.pacientesatm.com\/?page_id=57","name":"C\u00f3mo ser amigo - Asociaci\u00f3n Espa\u00f1ola de Pacientes con Dolor Neurop\u00e1tico","isPartOf":{"@id":"https:\/\/www.pacientesatm.com\/#website"},"datePublished":"2014-05-18T14:00:15+00:00","dateModified":"2019-10-13T10:04:08+00:00","description":"Asociaci\u00f3n Espa\u00f1ola de Pacientes con Dolor. Nuestros cl\u00ednicos y sanitarios ayudan a las personas que sufren dolor cr\u00f3nico. Desde el 2006, nuestro equipo est\u00e1 colaborando con todos los pacientes que sufren dolor","breadcrumb":{"@id":"https:\/\/www.pacientesatm.com\/?page_id=57#breadcrumb"},"inLanguage":"es","potentialAction":[{"@type":"ReadAction","target":["https:\/\/www.pacientesatm.com\/?page_id=57"]}]},{"@type":"BreadcrumbList","@id":"https:\/\/www.pacientesatm.com\/?page_id=57#breadcrumb","itemListElement":[{"@type":"ListItem","position":1,"name":"Portada","item":"https:\/\/www.pacientesatm.com\/"},{"@type":"ListItem","position":2,"name":"C\u00f3mo ser amigo"}]},{"@type":"WebSite","@id":"https:\/\/www.pacientesatm.com\/#website","url":"https:\/\/www.pacientesatm.com\/","name":"Asociaci\u00f3n Espa\u00f1ola de Pacientes con Dolor Trig\u00e9mino","description":"Asociaci\u00f3n Espa\u00f1ola de Pacientes con Dolor Neuropatico, Dolor Cronico y Neuralgia del Trig\u00e9mino","publisher":{"@id":"https:\/\/www.pacientesatm.com\/#organization"},"alternateName":"Alianza Contra el Dolor","potentialAction":[{"@type":"SearchAction","target":{"@type":"EntryPoint","urlTemplate":"https:\/\/www.pacientesatm.com\/?s={search_term_string}"},"query-input":"required name=search_term_string"}],"inLanguage":"es"},{"@type":"Organization","@id":"https:\/\/www.pacientesatm.com\/#organization","name":"Alianza Contra el Dolor","alternateName":"Alianza Contra el Dolor","url":"https:\/\/www.pacientesatm.com\/","logo":{"@type":"ImageObject","inLanguage":"es","@id":"https:\/\/www.pacientesatm.com\/#\/schema\/logo\/image\/","url":"https:\/\/www.pacientesatm.com\/wp-content\/uploads\/2022\/10\/Logo_alianzadolor2022_fondotransparente.png","contentUrl":"https:\/\/www.pacientesatm.com\/wp-content\/uploads\/2022\/10\/Logo_alianzadolor2022_fondotransparente.png","width":709,"height":709,"caption":"Alianza Contra el Dolor"},"image":{"@id":"https:\/\/www.pacientesatm.com\/#\/schema\/logo\/image\/"},"sameAs":["https:\/\/www.facebook.com\/dolorneuropatico","https:\/\/twitter.com\/AlianzaDolor","https:\/\/www.instagram.com\/alianzacontraeldolor","https:\/\/www.youtube.com\/Alianzacontraeldolor","https:\/\/www.linkedin.com\/company\/alianza-contra-el-dolor\/"]},{"@type":"Person","@id":"https:\/\/www.pacientesatm.com\/#\/schema\/person\/b2abb3172d8c79abb77ae65f95c64582","name":"Ignacio del Rio","image":{"@type":"ImageObject","inLanguage":"es","@id":"https:\/\/www.pacientesatm.com\/#\/schema\/person\/image\/","url":"https:\/\/secure.gravatar.com\/avatar\/63d1fa88871c7590b4875c08cc5a5de2663b014c4e5bda3333bb9fb69bb27b0a?s=96&d=mm&r=g","contentUrl":"https:\/\/secure.gravatar.com\/avatar\/63d1fa88871c7590b4875c08cc5a5de2663b014c4e5bda3333bb9fb69bb27b0a?s=96&d=mm&r=g","caption":"Ignacio del Rio"},"url":"https:\/\/www.pacientesatm.com\/?author=3"}]}},"_links":{"self":[{"href":"https:\/\/www.pacientesatm.com\/index.php?rest_route=\/wp\/v2\/pages\/57","targetHints":{"allow":["GET"]}}],"collection":[{"href":"https:\/\/www.pacientesatm.com\/index.php?rest_route=\/wp\/v2\/pages"}],"about":[{"href":"https:\/\/www.pacientesatm.com\/index.php?rest_route=\/wp\/v2\/types\/page"}],"author":[{"embeddable":true,"href":"https:\/\/www.pacientesatm.com\/index.php?rest_route=\/wp\/v2\/users\/3"}],"replies":[{"embeddable":true,"href":"https:\/\/www.pacientesatm.com\/index.php?rest_route=%2Fwp%2Fv2%2Fcomments&post=57"}],"version-history":[{"count":29,"href":"https:\/\/www.pacientesatm.com\/index.php?rest_route=\/wp\/v2\/pages\/57\/revisions"}],"predecessor-version":[{"id":1396,"href":"https:\/\/www.pacientesatm.com\/index.php?rest_route=\/wp\/v2\/pages\/57\/revisions\/1396"}],"wp:attachment":[{"href":"https:\/\/www.pacientesatm.com\/index.php?rest_route=%2Fwp%2Fv2%2Fmedia&parent=57"}],"curies":[{"name":"wp","href":"https:\/\/api.w.org\/{rel}","templated":true}]}}