{"id":9,"date":"2014-05-18T10:29:24","date_gmt":"2014-05-18T10:29:24","guid":{"rendered":"http:\/\/www.pacientesatm.com\/?page_id=9"},"modified":"2025-06-10T09:49:32","modified_gmt":"2025-06-10T09:49:32","slug":"quienes-somos-asociacion-pacientes-dolor-neuropatico-disfuncion-atm-neuralgia-trigemino","status":"publish","type":"page","link":"https:\/\/www.pacientesatm.com\/?page_id=9","title":{"rendered":"Qui\u00e9nes somos"},"content":{"rendered":"<p>La <strong>Asociaci\u00f3n de Pacientes con Dolor Neurop\u00e1tico, Disfunci\u00f3n de ATM y Neuralgia del Trig\u00e9mino<\/strong> se constituy\u00f3 en el a\u00f1o 2006 y cuenta con la marca <strong>Alianza contra el Dolor<\/strong>. Es una Asociaci\u00f3n sin \u00e1nimo de lucro con inter\u00e9s social, legalmente inscrita en el Registro de Asociaciones del Ministerio del Interior. Su objetivo es mejorar la calidad de vida de las personas que sufren cualquier tipo de dolor de origen nociceptivo, neurop\u00e1tico o central e informar y educar a la poblaci\u00f3n para prevenir patolog\u00edas orientando a pacientes y familias.<\/p>\n<p>Contamos con un Comit\u00e9 Cient\u00edfico de 23 expertos especializados en t\u00e9cnicas m\u00ednimamente invasivas y con el portal de noticias <a href=\"https:\/\/www.morethandoctors.com\/la-asociacion-espanola-de-pacientes-con-disfuncion-de-la-atm-neuralgia-del-trigemino-y-dolor-neuropatico-aepa-atm-solidaria-con-pacientes-que-sufren-enfermedades-geneticas-e-inmunologicas\/\"><strong>www.morethandoctors.com<\/strong><\/a><\/p>\n<p>Todos los miembros de la Junta Directiva somos VOLUNTARIOS que trabajamos para paliar los efectos del dolor cr\u00f3nico y del dolor neurop\u00e1tico.<\/p>\n<p>Pincha aqu\u00ed:<\/p>\n<ul>\n<li><a href=\"wp-content\/uploads\/2014\/05\/Documento_del_Ministerio_2.jpg\" target=\"_blank\" rel=\"noopener\">Inscripci\u00f3n en el Registro Nacional de Asociaciones. Ministerio del Interior<\/a><\/li>\n<\/ul>\n<h2>Dolor Neurop\u00e1tico, Disfunci\u00f3n de ATM y Neuralgia del Trig\u00e9mino<\/h2>\n<p>El <strong>dolor neurop\u00e1tico<\/strong> afecta a un 7% de la poblaci\u00f3n espa\u00f1ola. Se describe como un dolor intenso, insoportable y lacerante. En Espa\u00f1a se estima que cerca de tres millones de espa\u00f1oles sufren este tipo de dolor y condiciona en extremo al 85% de los enfermos que lo sufren afectando a su vida profesional y social. \u00a0Nuestros expertos se\u00f1alan que este tipo de dolor debe de ser atendido de forma individual. Cada paciente presenta este tipo de dolor por causas diferentes. Atendemos tambi\u00e9n a pacientes que sufren cualquier tipo de dolor, neuralgia del trig\u00e9mino y disfunci\u00f3n de ATM.<\/p>\n<p>La <a href=\"https:\/\/www.morethandoctors.com\/60-de-los-pacientes-que-llegan-a-la-asociacion-espanola-de-pacientes-con-dolor-neuropatico-estan-mal-diagnosticados\/\"><strong>neuralgia del trig\u00e9mino<\/strong> <\/a> es una patolog\u00eda descrita como una de las peores que puede sufrir el ser humano. Es un dolor facial, ya que el trig\u00e9mino es un nervio que pasa por la cara. Se llama trig\u00e9mino porque tiene tres ramas. La primera de ellas, inerva el ojo, cejas y frente, la segunda, el o\u00eddo, los dientes superiores, labios y el p\u00f3mulo, y, la tercera rama, pasa por los dientes inferiores y la mand\u00edbula.<\/p>\n<p>La<strong>Asociaci\u00f3n Espa\u00f1ola de Pacientes con Dolor Neurop\u00e1tico, Disfunci\u00f3n de ATM y Neuralgia del Trig\u00e9mino<\/strong> nace con el objetivo de orientar y defender las necesidades de las personas afectadas por dolor neurop\u00e1tico o dolor cr\u00f3nico.<\/p>\n<p>El objetivo de nuestros expertos es identificar las posibles causas de este tipo de dolor que puede ser:<\/p>\n<ul>\n<li>\n<h3>Dolor facial<\/h3>\n<\/li>\n<li>\n<h3>Dolor de dientes<\/h3>\n<\/li>\n<li>\n<h3>Dolor de muelas<\/h3>\n<\/li>\n<li>\n<h3>Dolor de cara<\/h3>\n<\/li>\n<li>\n<h3>Dolor perif\u00e9rico<\/h3>\n<\/li>\n<li>\n<h3>Dolor de la cara<\/h3>\n<\/li>\n<li>\n<h3>Dolor de extremidades superiores e inferiores<\/h3>\n<\/li>\n<li>\n<h3>Dolor de piernas y dolor de brazos<\/h3>\n<\/li>\n<\/ul>\n<p>Todos estos dolores requieren una atenci\u00f3n por parte de expertos en varias \u00e1reas de la sanidad y asistencia social.<\/p>\n<h2 style=\"text-align: center;\">Voluntarios:<\/h2>\n<table style=\"height: 373px;\" border=\"1\" width=\"372\" cellspacing=\"3\" cellpadding=\"3\">\n<tbody>\n<tr>\n<td style=\"width: 120px; text-align: center; vertical-align: top;\"><img loading=\"lazy\" decoding=\"async\" class=\"alignnone wp-image-27\" src=\"http:\/\/www.pacientesatm.com\/wp-content\/uploads\/2014\/05\/mujer_01.jpg\" alt=\"mujer_01\" width=\"120\" height=\"120\" srcset=\"https:\/\/www.pacientesatm.com\/wp-content\/uploads\/2014\/05\/mujer_01.jpg 217w, https:\/\/www.pacientesatm.com\/wp-content\/uploads\/2014\/05\/mujer_01-150x150.jpg 150w, https:\/\/www.pacientesatm.com\/wp-content\/uploads\/2014\/05\/mujer_01-100x100.jpg 100w, https:\/\/www.pacientesatm.com\/wp-content\/uploads\/2014\/05\/mujer_01-200x200.jpg 200w\" sizes=\"auto, (max-width: 120px) 100vw, 120px\" \/><br \/>\nGloria Alfaro<br \/>\nDocumentaci\u00f3n<\/td>\n<td style=\"width: 120px; text-align: center; vertical-align: top;\"><img loading=\"lazy\" decoding=\"async\" class=\"alignnone wp-image-28\" src=\"http:\/\/www.pacientesatm.com\/wp-content\/uploads\/2014\/05\/ignacio.png\" alt=\"ignacio\" width=\"120\" height=\"120\" srcset=\"https:\/\/www.pacientesatm.com\/wp-content\/uploads\/2014\/05\/ignacio.png 188w, https:\/\/www.pacientesatm.com\/wp-content\/uploads\/2014\/05\/ignacio-150x150.png 150w, https:\/\/www.pacientesatm.com\/wp-content\/uploads\/2014\/05\/ignacio-100x100.png 100w\" sizes=\"auto, (max-width: 120px) 100vw, 120px\" \/><br \/>\nIgnacio Del R\u00edo<br \/>\nInternational Division Ingeniero en Ciberseguridad<\/td>\n<td style=\"width: 120px; text-align: center; vertical-align: top;\"><a href=\"https:\/\/www.pacientesatm.com\/wp-content\/uploads\/2024\/06\/manuelsalvador-e1718967197531.jpg\"><img loading=\"lazy\" decoding=\"async\" class=\"alignnone wp-image-1755\" src=\"https:\/\/www.pacientesatm.com\/wp-content\/uploads\/2024\/06\/manuelsalvador-e1718967197531-300x300.jpg\" alt=\"\" width=\"120\" height=\"120\" srcset=\"https:\/\/www.pacientesatm.com\/wp-content\/uploads\/2024\/06\/manuelsalvador-e1718967197531-300x300.jpg 300w, https:\/\/www.pacientesatm.com\/wp-content\/uploads\/2024\/06\/manuelsalvador-e1718967197531-150x150.jpg 150w, https:\/\/www.pacientesatm.com\/wp-content\/uploads\/2024\/06\/manuelsalvador-e1718967197531-100x100.jpg 100w, https:\/\/www.pacientesatm.com\/wp-content\/uploads\/2024\/06\/manuelsalvador-e1718967197531-200x200.jpg 200w, https:\/\/www.pacientesatm.com\/wp-content\/uploads\/2024\/06\/manuelsalvador-e1718967197531-450x450.jpg 450w, https:\/\/www.pacientesatm.com\/wp-content\/uploads\/2024\/06\/manuelsalvador-e1718967197531-600x600.jpg 600w, https:\/\/www.pacientesatm.com\/wp-content\/uploads\/2024\/06\/manuelsalvador-e1718967197531.jpg 645w\" sizes=\"auto, (max-width: 120px) 100vw, 120px\" \/><\/a><br \/>\nManuel Salvador<br \/>\nM\u00e9dico<\/td>\n<td style=\"width: 120px; text-align: center; vertical-align: top;\"><img loading=\"lazy\" decoding=\"async\" class=\"alignnone wp-image-31\" src=\"http:\/\/www.pacientesatm.com\/wp-content\/uploads\/2014\/05\/MARI_SAURA.jpg\" alt=\"MARI_SAURA\" width=\"120\" height=\"121\" srcset=\"https:\/\/www.pacientesatm.com\/wp-content\/uploads\/2014\/05\/MARI_SAURA.jpg 222w, https:\/\/www.pacientesatm.com\/wp-content\/uploads\/2014\/05\/MARI_SAURA-150x151.jpg 150w, https:\/\/www.pacientesatm.com\/wp-content\/uploads\/2014\/05\/MARI_SAURA-100x100.jpg 100w, https:\/\/www.pacientesatm.com\/wp-content\/uploads\/2014\/05\/MARI_SAURA-200x201.jpg 200w\" sizes=\"auto, (max-width: 120px) 100vw, 120px\" \/><br \/>\nMar\u00eda Saura<br \/>\nEx-Agencia Espa\u00f1ola del Medicamento<\/td>\n<td style=\"width: 120px; text-align: center; vertical-align: top;\"><img loading=\"lazy\" decoding=\"async\" class=\"alignnone wp-image-32\" src=\"http:\/\/www.pacientesatm.com\/wp-content\/uploads\/2014\/05\/maria.jpg\" alt=\"maria\" width=\"120\" height=\"120\" srcset=\"https:\/\/www.pacientesatm.com\/wp-content\/uploads\/2014\/05\/maria.jpg 150w, https:\/\/www.pacientesatm.com\/wp-content\/uploads\/2014\/05\/maria-100x100.jpg 100w\" sizes=\"auto, (max-width: 120px) 100vw, 120px\" \/><br \/>\nMar\u00eda Huerta<br \/>\nLda. CC. de la Informaci\u00f3n &amp; Dental Hygienist,\u00a0 T. Enfermer\u00eda<\/td>\n<td style=\"width: 120px; text-align: center; vertical-align: top;\"><img loading=\"lazy\" decoding=\"async\" class=\"alignnone wp-image-34\" src=\"http:\/\/www.pacientesatm.com\/wp-content\/uploads\/2014\/05\/23_34.jpg\" alt=\"23_34\" width=\"120\" height=\"120\" srcset=\"https:\/\/www.pacientesatm.com\/wp-content\/uploads\/2014\/05\/23_34.jpg 353w, https:\/\/www.pacientesatm.com\/wp-content\/uploads\/2014\/05\/23_34-150x150.jpg 150w, https:\/\/www.pacientesatm.com\/wp-content\/uploads\/2014\/05\/23_34-300x300.jpg 300w, https:\/\/www.pacientesatm.com\/wp-content\/uploads\/2014\/05\/23_34-100x100.jpg 100w, https:\/\/www.pacientesatm.com\/wp-content\/uploads\/2014\/05\/23_34-200x200.jpg 200w\" sizes=\"auto, (max-width: 120px) 100vw, 120px\" \/><br \/>\nRaquel Mart\u00edn<br \/>\nSecretaria, abogado<\/td>\n<\/tr>\n<tr>\n<td style=\"width: 120px; text-align: center; vertical-align: top;\"><a href=\"https:\/\/www.pacientesatm.com\/wp-content\/uploads\/2025\/05\/doctor_aragoneses-1.jpg\"><img loading=\"lazy\" decoding=\"async\" class=\"aligncenter wp-image-1793 size-full\" src=\"https:\/\/www.pacientesatm.com\/wp-content\/uploads\/2025\/05\/doctor_aragoneses-1.jpg\" alt=\"\" width=\"150\" height=\"150\" srcset=\"https:\/\/www.pacientesatm.com\/wp-content\/uploads\/2025\/05\/doctor_aragoneses-1.jpg 150w, https:\/\/www.pacientesatm.com\/wp-content\/uploads\/2025\/05\/doctor_aragoneses-1-100x100.jpg 100w\" sizes=\"auto, (max-width: 150px) 100vw, 150px\" \/><\/a><br \/>\nM\u00e9dico y Odont\u00f3logo<\/td>\n<td style=\"width: 120px; text-align: center; vertical-align: top;\"><img loading=\"lazy\" decoding=\"async\" class=\"wp-image-30 aligncenter\" src=\"http:\/\/www.pacientesatm.com\/wp-content\/uploads\/2014\/05\/angelines.jpg\" alt=\"angelines\" width=\"120\" height=\"123\" srcset=\"https:\/\/www.pacientesatm.com\/wp-content\/uploads\/2014\/05\/angelines.jpg 456w, https:\/\/www.pacientesatm.com\/wp-content\/uploads\/2014\/05\/angelines-293x300.jpg 293w, https:\/\/www.pacientesatm.com\/wp-content\/uploads\/2014\/05\/angelines-100x102.jpg 100w, https:\/\/www.pacientesatm.com\/wp-content\/uploads\/2014\/05\/angelines-150x153.jpg 150w, https:\/\/www.pacientesatm.com\/wp-content\/uploads\/2014\/05\/angelines-200x204.jpg 200w, https:\/\/www.pacientesatm.com\/wp-content\/uploads\/2014\/05\/angelines-300x306.jpg 300w, https:\/\/www.pacientesatm.com\/wp-content\/uploads\/2014\/05\/angelines-450x459.jpg 450w\" sizes=\"auto, (max-width: 120px) 100vw, 120px\" \/>Angelines Holgado<br \/>\nLicenciada en Farmacia<\/td>\n<td style=\"width: 120px; text-align: center; vertical-align: top;\"><\/td>\n<\/tr>\n<\/tbody>\n<\/table>\n<p>Con el objetivo de mantener nuestros contenidos y conocimientos actualizados en vanguardia con los \u00faltimos tratamientos, la <strong>Asociaci\u00f3n Espa\u00f1ola de pacientes con Dolor Neurop\u00e1tico, Disfunci\u00f3n de ATM y Neuralgia del Trig\u00e9mino<\/strong>, cuenta con la colaboraci\u00f3n informativa de varios <strong>especialistas m\u00e9dicos<\/strong> e investigadores cualificados en estas patolog\u00edas para intentar abordar el dolor neurop\u00e1tico y cr\u00f3nico que puede generar cualquier tipo de lesi\u00f3n.<\/p>\n<p><strong>Direcci\u00f3n y Atenci\u00f3n al Paciente<\/strong>: Mar\u00eda, Mar\u00eda Jos\u00e9\u00a0 y Marta<\/p>\n","protected":false},"excerpt":{"rendered":"<p>La Asociaci\u00f3n de Pacientes con Dolor Neurop\u00e1tico, Disfunci\u00f3n de ATM y Neuralgia del Trig\u00e9mino se constituy\u00f3 en el a\u00f1o 2006 y cuenta con la marca Alianza contra el Dolor. Es una Asociaci\u00f3n sin \u00e1nimo de lucro con inter\u00e9s social, legalmente<span class=\"ellipsis\">&hellip;<\/span><\/p>\n<div class=\"read-more\"><a href=\"https:\/\/www.pacientesatm.com\/?page_id=9\">Leer m\u00e1s \u203a<\/a><\/div>\n<p><!-- end of .read-more --><\/p>\n","protected":false},"author":3,"featured_media":0,"parent":0,"menu_order":0,"comment_status":"closed","ping_status":"closed","template":"","meta":{"footnotes":""},"class_list":["post-9","page","type-page","status-publish","hentry"],"yoast_head":"<!-- This site is optimized with the Yoast SEO plugin v21.1 - https:\/\/yoast.com\/wordpress\/plugins\/seo\/ -->\n<title>Qui\u00e9nes somos - Asociaci\u00f3n Espa\u00f1ola de Pacientes con Dolor Neurop\u00e1tico<\/title>\n<meta name=\"description\" content=\"La Asociacion Espa\u00f1ola de Pacientes con Dolor Neuropatico, Disfuncion de ATM y Neuralgia del Trigemino ayuda a pacientes que sufren dolor cronico y dolor neuropatico\" \/>\n<meta name=\"robots\" content=\"index, follow, max-snippet:-1, max-image-preview:large, max-video-preview:-1\" \/>\n<link rel=\"canonical\" href=\"https:\/\/www.pacientesatm.com\/?page_id=9\" \/>\n<meta property=\"og:locale\" content=\"es_ES\" \/>\n<meta property=\"og:type\" content=\"article\" \/>\n<meta property=\"og:title\" content=\"Qui\u00e9nes somos - Asociaci\u00f3n Espa\u00f1ola de Pacientes con Dolor Neurop\u00e1tico\" \/>\n<meta property=\"og:description\" content=\"La Asociacion Espa\u00f1ola de Pacientes con Dolor Neuropatico, Disfuncion de ATM y Neuralgia del Trigemino ayuda a pacientes que sufren dolor cronico y dolor neuropatico\" \/>\n<meta property=\"og:url\" content=\"https:\/\/www.pacientesatm.com\/?page_id=9\" \/>\n<meta property=\"og:site_name\" content=\"Asociaci\u00f3n Espa\u00f1ola de Pacientes con Dolor Neurop\u00e1tico\" \/>\n<meta property=\"article:publisher\" content=\"https:\/\/www.facebook.com\/dolorneuropatico\" \/>\n<meta property=\"article:modified_time\" content=\"2025-06-10T09:49:32+00:00\" \/>\n<meta property=\"og:image\" content=\"http:\/\/www.pacientesatm.com\/wp-content\/uploads\/2014\/05\/mujer_01.jpg\" \/>\n<meta name=\"twitter:card\" content=\"summary_large_image\" \/>\n<meta name=\"twitter:site\" content=\"@AlianzaDolor\" \/>\n<meta name=\"twitter:label1\" content=\"Tiempo de lectura\" \/>\n\t<meta name=\"twitter:data1\" content=\"5 minutos\" \/>\n<script type=\"application\/ld+json\" class=\"yoast-schema-graph\">{\"@context\":\"https:\/\/schema.org\",\"@graph\":[{\"@type\":\"NewsArticle\",\"@id\":\"https:\/\/www.pacientesatm.com\/?page_id=9#article\",\"isPartOf\":{\"@id\":\"https:\/\/www.pacientesatm.com\/?page_id=9\"},\"author\":{\"name\":\"Ignacio del Rio\",\"@id\":\"https:\/\/www.pacientesatm.com\/#\/schema\/person\/b2abb3172d8c79abb77ae65f95c64582\"},\"headline\":\"Qui\u00e9nes somos\",\"datePublished\":\"2014-05-18T10:29:24+00:00\",\"dateModified\":\"2025-06-10T09:49:32+00:00\",\"mainEntityOfPage\":{\"@id\":\"https:\/\/www.pacientesatm.com\/?page_id=9\"},\"wordCount\":611,\"publisher\":{\"@id\":\"https:\/\/www.pacientesatm.com\/#organization\"},\"inLanguage\":\"es\"},{\"@type\":[\"WebPage\",\"MedicalWebPage\"],\"@id\":\"https:\/\/www.pacientesatm.com\/?page_id=9\",\"url\":\"https:\/\/www.pacientesatm.com\/?page_id=9\",\"name\":\"Qui\u00e9nes somos - Asociaci\u00f3n Espa\u00f1ola de Pacientes con Dolor Neurop\u00e1tico\",\"isPartOf\":{\"@id\":\"https:\/\/www.pacientesatm.com\/#website\"},\"datePublished\":\"2014-05-18T10:29:24+00:00\",\"dateModified\":\"2025-06-10T09:49:32+00:00\",\"description\":\"La Asociacion Espa\u00f1ola de Pacientes con Dolor Neuropatico, Disfuncion de ATM y Neuralgia del Trigemino ayuda a pacientes que sufren dolor cronico y dolor neuropatico\",\"breadcrumb\":{\"@id\":\"https:\/\/www.pacientesatm.com\/?page_id=9#breadcrumb\"},\"inLanguage\":\"es\",\"potentialAction\":[{\"@type\":\"ReadAction\",\"target\":[\"https:\/\/www.pacientesatm.com\/?page_id=9\"]}]},{\"@type\":\"BreadcrumbList\",\"@id\":\"https:\/\/www.pacientesatm.com\/?page_id=9#breadcrumb\",\"itemListElement\":[{\"@type\":\"ListItem\",\"position\":1,\"name\":\"Portada\",\"item\":\"https:\/\/www.pacientesatm.com\/\"},{\"@type\":\"ListItem\",\"position\":2,\"name\":\"Qui\u00e9nes somos\"}]},{\"@type\":\"WebSite\",\"@id\":\"https:\/\/www.pacientesatm.com\/#website\",\"url\":\"https:\/\/www.pacientesatm.com\/\",\"name\":\"Asociaci\u00f3n Espa\u00f1ola de Pacientes con Dolor Trig\u00e9mino\",\"description\":\"Asociaci\u00f3n Espa\u00f1ola de Pacientes con Dolor Neuropatico, Dolor Cronico y Neuralgia del Trig\u00e9mino\",\"publisher\":{\"@id\":\"https:\/\/www.pacientesatm.com\/#organization\"},\"alternateName\":\"Alianza Contra el Dolor\",\"potentialAction\":[{\"@type\":\"SearchAction\",\"target\":{\"@type\":\"EntryPoint\",\"urlTemplate\":\"https:\/\/www.pacientesatm.com\/?s={search_term_string}\"},\"query-input\":\"required name=search_term_string\"}],\"inLanguage\":\"es\"},{\"@type\":\"Organization\",\"@id\":\"https:\/\/www.pacientesatm.com\/#organization\",\"name\":\"Alianza Contra el Dolor\",\"alternateName\":\"Alianza Contra el Dolor\",\"url\":\"https:\/\/www.pacientesatm.com\/\",\"logo\":{\"@type\":\"ImageObject\",\"inLanguage\":\"es\",\"@id\":\"https:\/\/www.pacientesatm.com\/#\/schema\/logo\/image\/\",\"url\":\"https:\/\/www.pacientesatm.com\/wp-content\/uploads\/2022\/10\/Logo_alianzadolor2022_fondotransparente.png\",\"contentUrl\":\"https:\/\/www.pacientesatm.com\/wp-content\/uploads\/2022\/10\/Logo_alianzadolor2022_fondotransparente.png\",\"width\":709,\"height\":709,\"caption\":\"Alianza Contra el Dolor\"},\"image\":{\"@id\":\"https:\/\/www.pacientesatm.com\/#\/schema\/logo\/image\/\"},\"sameAs\":[\"https:\/\/www.facebook.com\/dolorneuropatico\",\"https:\/\/twitter.com\/AlianzaDolor\",\"https:\/\/www.instagram.com\/alianzacontraeldolor\",\"https:\/\/www.youtube.com\/Alianzacontraeldolor\",\"https:\/\/www.linkedin.com\/company\/alianza-contra-el-dolor\/\"]},{\"@type\":\"Person\",\"@id\":\"https:\/\/www.pacientesatm.com\/#\/schema\/person\/b2abb3172d8c79abb77ae65f95c64582\",\"name\":\"Ignacio del Rio\",\"image\":{\"@type\":\"ImageObject\",\"inLanguage\":\"es\",\"@id\":\"https:\/\/www.pacientesatm.com\/#\/schema\/person\/image\/\",\"url\":\"https:\/\/secure.gravatar.com\/avatar\/63d1fa88871c7590b4875c08cc5a5de2663b014c4e5bda3333bb9fb69bb27b0a?s=96&d=mm&r=g\",\"contentUrl\":\"https:\/\/secure.gravatar.com\/avatar\/63d1fa88871c7590b4875c08cc5a5de2663b014c4e5bda3333bb9fb69bb27b0a?s=96&d=mm&r=g\",\"caption\":\"Ignacio del Rio\"},\"url\":\"https:\/\/www.pacientesatm.com\/?author=3\"}]}<\/script>\n<!-- \/ Yoast SEO plugin. -->","yoast_head_json":{"title":"Qui\u00e9nes somos - Asociaci\u00f3n Espa\u00f1ola de Pacientes con Dolor Neurop\u00e1tico","description":"La Asociacion Espa\u00f1ola de Pacientes con Dolor Neuropatico, Disfuncion de ATM y Neuralgia del Trigemino ayuda a pacientes que sufren dolor cronico y dolor neuropatico","robots":{"index":"index","follow":"follow","max-snippet":"max-snippet:-1","max-image-preview":"max-image-preview:large","max-video-preview":"max-video-preview:-1"},"canonical":"https:\/\/www.pacientesatm.com\/?page_id=9","og_locale":"es_ES","og_type":"article","og_title":"Qui\u00e9nes somos - Asociaci\u00f3n Espa\u00f1ola de Pacientes con Dolor Neurop\u00e1tico","og_description":"La Asociacion Espa\u00f1ola de Pacientes con Dolor Neuropatico, Disfuncion de ATM y Neuralgia del Trigemino ayuda a pacientes que sufren dolor cronico y dolor neuropatico","og_url":"https:\/\/www.pacientesatm.com\/?page_id=9","og_site_name":"Asociaci\u00f3n Espa\u00f1ola de Pacientes con Dolor Neurop\u00e1tico","article_publisher":"https:\/\/www.facebook.com\/dolorneuropatico","article_modified_time":"2025-06-10T09:49:32+00:00","og_image":[{"url":"http:\/\/www.pacientesatm.com\/wp-content\/uploads\/2014\/05\/mujer_01.jpg"}],"twitter_card":"summary_large_image","twitter_site":"@AlianzaDolor","twitter_misc":{"Tiempo de lectura":"5 minutos"},"schema":{"@context":"https:\/\/schema.org","@graph":[{"@type":"NewsArticle","@id":"https:\/\/www.pacientesatm.com\/?page_id=9#article","isPartOf":{"@id":"https:\/\/www.pacientesatm.com\/?page_id=9"},"author":{"name":"Ignacio del Rio","@id":"https:\/\/www.pacientesatm.com\/#\/schema\/person\/b2abb3172d8c79abb77ae65f95c64582"},"headline":"Qui\u00e9nes somos","datePublished":"2014-05-18T10:29:24+00:00","dateModified":"2025-06-10T09:49:32+00:00","mainEntityOfPage":{"@id":"https:\/\/www.pacientesatm.com\/?page_id=9"},"wordCount":611,"publisher":{"@id":"https:\/\/www.pacientesatm.com\/#organization"},"inLanguage":"es"},{"@type":["WebPage","MedicalWebPage"],"@id":"https:\/\/www.pacientesatm.com\/?page_id=9","url":"https:\/\/www.pacientesatm.com\/?page_id=9","name":"Qui\u00e9nes somos - Asociaci\u00f3n Espa\u00f1ola de Pacientes con Dolor Neurop\u00e1tico","isPartOf":{"@id":"https:\/\/www.pacientesatm.com\/#website"},"datePublished":"2014-05-18T10:29:24+00:00","dateModified":"2025-06-10T09:49:32+00:00","description":"La Asociacion Espa\u00f1ola de Pacientes con Dolor Neuropatico, Disfuncion de ATM y Neuralgia del Trigemino ayuda a pacientes que sufren dolor cronico y dolor neuropatico","breadcrumb":{"@id":"https:\/\/www.pacientesatm.com\/?page_id=9#breadcrumb"},"inLanguage":"es","potentialAction":[{"@type":"ReadAction","target":["https:\/\/www.pacientesatm.com\/?page_id=9"]}]},{"@type":"BreadcrumbList","@id":"https:\/\/www.pacientesatm.com\/?page_id=9#breadcrumb","itemListElement":[{"@type":"ListItem","position":1,"name":"Portada","item":"https:\/\/www.pacientesatm.com\/"},{"@type":"ListItem","position":2,"name":"Qui\u00e9nes somos"}]},{"@type":"WebSite","@id":"https:\/\/www.pacientesatm.com\/#website","url":"https:\/\/www.pacientesatm.com\/","name":"Asociaci\u00f3n Espa\u00f1ola de Pacientes con Dolor Trig\u00e9mino","description":"Asociaci\u00f3n Espa\u00f1ola de Pacientes con Dolor Neuropatico, Dolor Cronico y Neuralgia del Trig\u00e9mino","publisher":{"@id":"https:\/\/www.pacientesatm.com\/#organization"},"alternateName":"Alianza Contra el Dolor","potentialAction":[{"@type":"SearchAction","target":{"@type":"EntryPoint","urlTemplate":"https:\/\/www.pacientesatm.com\/?s={search_term_string}"},"query-input":"required name=search_term_string"}],"inLanguage":"es"},{"@type":"Organization","@id":"https:\/\/www.pacientesatm.com\/#organization","name":"Alianza Contra el Dolor","alternateName":"Alianza Contra el Dolor","url":"https:\/\/www.pacientesatm.com\/","logo":{"@type":"ImageObject","inLanguage":"es","@id":"https:\/\/www.pacientesatm.com\/#\/schema\/logo\/image\/","url":"https:\/\/www.pacientesatm.com\/wp-content\/uploads\/2022\/10\/Logo_alianzadolor2022_fondotransparente.png","contentUrl":"https:\/\/www.pacientesatm.com\/wp-content\/uploads\/2022\/10\/Logo_alianzadolor2022_fondotransparente.png","width":709,"height":709,"caption":"Alianza Contra el Dolor"},"image":{"@id":"https:\/\/www.pacientesatm.com\/#\/schema\/logo\/image\/"},"sameAs":["https:\/\/www.facebook.com\/dolorneuropatico","https:\/\/twitter.com\/AlianzaDolor","https:\/\/www.instagram.com\/alianzacontraeldolor","https:\/\/www.youtube.com\/Alianzacontraeldolor","https:\/\/www.linkedin.com\/company\/alianza-contra-el-dolor\/"]},{"@type":"Person","@id":"https:\/\/www.pacientesatm.com\/#\/schema\/person\/b2abb3172d8c79abb77ae65f95c64582","name":"Ignacio del Rio","image":{"@type":"ImageObject","inLanguage":"es","@id":"https:\/\/www.pacientesatm.com\/#\/schema\/person\/image\/","url":"https:\/\/secure.gravatar.com\/avatar\/63d1fa88871c7590b4875c08cc5a5de2663b014c4e5bda3333bb9fb69bb27b0a?s=96&d=mm&r=g","contentUrl":"https:\/\/secure.gravatar.com\/avatar\/63d1fa88871c7590b4875c08cc5a5de2663b014c4e5bda3333bb9fb69bb27b0a?s=96&d=mm&r=g","caption":"Ignacio del Rio"},"url":"https:\/\/www.pacientesatm.com\/?author=3"}]}},"_links":{"self":[{"href":"https:\/\/www.pacientesatm.com\/index.php?rest_route=\/wp\/v2\/pages\/9","targetHints":{"allow":["GET"]}}],"collection":[{"href":"https:\/\/www.pacientesatm.com\/index.php?rest_route=\/wp\/v2\/pages"}],"about":[{"href":"https:\/\/www.pacientesatm.com\/index.php?rest_route=\/wp\/v2\/types\/page"}],"author":[{"embeddable":true,"href":"https:\/\/www.pacientesatm.com\/index.php?rest_route=\/wp\/v2\/users\/3"}],"replies":[{"embeddable":true,"href":"https:\/\/www.pacientesatm.com\/index.php?rest_route=%2Fwp%2Fv2%2Fcomments&post=9"}],"version-history":[{"count":140,"href":"https:\/\/www.pacientesatm.com\/index.php?rest_route=\/wp\/v2\/pages\/9\/revisions"}],"predecessor-version":[{"id":1819,"href":"https:\/\/www.pacientesatm.com\/index.php?rest_route=\/wp\/v2\/pages\/9\/revisions\/1819"}],"wp:attachment":[{"href":"https:\/\/www.pacientesatm.com\/index.php?rest_route=%2Fwp%2Fv2%2Fmedia&parent=9"}],"curies":[{"name":"wp","href":"https:\/\/api.w.org\/{rel}","templated":true}]}}